{"id":7731,"date":"2025-01-27T09:38:11","date_gmt":"2025-01-27T09:38:11","guid":{"rendered":"https:\/\/musikschule-goerlitz.de\/?page_id=7731"},"modified":"2026-04-14T08:40:19","modified_gmt":"2026-04-14T06:40:19","slug":"ueber-uns","status":"publish","type":"page","link":"https:\/\/musikschule-goerlitz.de\/pl\/ueber-uns\/","title":{"rendered":"O Nas"},"content":{"rendered":"<div class=\"et_pb_section_0 et_pb_section et_section_regular et_block_section\" id=\"leitbild\">\n<div class=\"et_pb_row_0 et_pb_row et_block_row\">\n<div class=\"et_pb_column_0 et_pb_column et_pb_column_4_4 et-last-child et_block_column et_pb_css_mix_blend_mode_passthrough\">\n<div class=\"et_pb_testimonial_0 et_pb_testimonial et_pb_bg_layout_light et_pb_module et_block_module\"><div class=\"et_pb_testimonial_inner\"><div class=\"et_pb_testimonial_portrait\" style=\"background-image:url(https:\/\/musikschule-goerlitz.de\/wp-content\/uploads\/2021\/04\/cropped-Logo-Musikschule-Kopie.png)\"><\/div><div class=\"et_pb_testimonial_description\"><div class=\"et_pb_testimonial_description_inner\"><div class=\"et_pb_testimonial_content\"><p><span>Unsere Musikschule ist ein gemeinn\u00fctziger eingetragener Verein und tr\u00e4gt als Bildungs- und Kultureinrichtung wesentlich zur Bereicherung der Lebensqualit\u00e4t der G\u00f6rlitzer Bev\u00f6lkerung bei. Musikalische Ausbildung ist wesentlicher Bestandteil von Bildung und Erziehung. Das Musizieren f\u00f6rdert ganzheitlich und erg\u00e4nzt sinnvoll und nachhaltig den Unterricht der allgemein bildenden Schulen. Spezielle Fertigkeiten auf gew\u00fcnschten Instrumenten, im Gesang sowie vielf\u00e4ltige Ensemblearbeit bereichern Alltag und Freizeit unserer Sch\u00fcler vom Vorschul- bis ins h\u00f6here Lebensalter und schaffen Grundlagen f\u00fcr die musikalische Berufsausbildung.<\/span><\/p>\n<p><span>Unsere Musikschule garantiert als Mitglied des \u201eVerbandes deutscher Musikschulen\u201c e.V. qualitativ hochwertigen Instrumental-, Vokal- und Theorieunterricht von Klassik bis Jazz\/Rock\/Pop. Durch erfahrene Lehrkr\u00e4fte mit Hochschulabschluss wird das Musizieren in Ensembles und Orchestern erm\u00f6glicht. Nach Bedarf und je nach freien Kapazit\u00e4ten stellen wir Instrumente leihweise zur Verf\u00fcgung.<\/span><\/p>\n<p><span>Alle Sch\u00fcler unserer Musikschule erhalten die M\u00f6glichkeit, leistungsgerechte Abschl\u00fcsse (Unter-, Mittel- und Oberstufenabschluss) abzulegen.<\/span><\/p>\n<p><span>Die Musikschule und der Freistaat Sachsen f\u00f6rdern besonders begabte Sch\u00fcler. Diese werden f\u00fcr Konzertauftritte, Wettbewerbe sowie ein Berufsstudium qualifiziert und bis zur Aufnahmepr\u00fcfung betreut, beraten und begleitet.<\/span><\/p>\n<p><span>Als s\u00e4chsische Musikschule sind wir uns unserer reichen Kulturlandschaft bewusst, bewahren Traditionen und sind offen f\u00fcr Neues.<\/span><\/p>\n<p><span>Wir arbeiten mit Schulen, Sozial- und Kultureinrichtungen sowie Kirchen als Kooperationspartner regelm\u00e4\u00dfig zusammen und bereichern damit nachhaltig das kulturelle und gesellschaftliche Leben unserer Region. Besonders intensive Kontakte bestehen durch die langj\u00e4hrige Zusammenarbeit mit unserer Partnermusikschule in Zgorzelec.\u00a0 Weitere internationale Kontakte pflegen wir u. a. nach Tschechien und Ungarn.<\/span><\/p>\n<p><span>Durch zahlreiche Auftritte und Konzerte erhalten unsere Sch\u00fcler die M\u00f6glichkeit, vor Publikum ihr musikalisches K\u00f6nnen zu pr\u00e4sentieren., z. B. bei Musizierstunden, beim Jahreskonzert des Jugendblasorchesters G\u00f6rlitz, beim Konzert bei Kerzenschein, beim Konzert der J\u00fcngsten, bei Jazz-Rock-Pop-Podien, bei Wettbewerben und Musikschulkonzerten sowie weiteren zahlreichen Auftritten in und f\u00fcr die Stadt G\u00f6rlitz.<\/span><\/p>\n<p><span>Ein besonderer Gl\u00fccksfall f\u00fcr die Musikschule \u201eJohann Adam Hiller\u201c e. V. ist das eigene denkmalgesch\u00fctzte Haus im Herzen der historischen Altstadt von G\u00f6rlitz mit den zahlreichen sehr guten Arbeitsm\u00f6glichkeiten f\u00fcr Lehrer und Sch\u00fcler. Die Wege sind kurz. Fachunterricht, Korrepetition, Musiktheorie, Ensemble-, Band- und Orchesterproben finden im eigenen Haus statt. Sch\u00fclervorspiele und Kammerkonzerte profitieren vom Ambiente unseres Kammermusiksaales. Unsere Au\u00dfenstelle im Werk1, Brunnenstr. 11 (Eingang C.-Schiedt-Str.) bereichert unsere r\u00e4umlichen M\u00f6glichkeiten, indem dort vor allem Unterricht der Blechbl\u00e4ser und deren Orchesterproben durchgef\u00fchrt werden.<\/span><\/p>\n<\/div><\/div><div class=\"et_pb_testimonial_author\">G\u00f6rlitz, Oktober 2016 das Team der Musikschule \u201e Johann Adam Hiller\u201c e.V.<\/div><div class=\"et_pb_testimonial_meta\"><\/div><\/div><\/div><\/div>\n\n<div class=\"et_pb_divider_0 et_pb_divider et_pb_space et_pb_divider_position_top et_pb_module\"><div class=\"et_pb_divider_internal\"><\/div><\/div>\n<\/div>\n<\/div>\n<\/div>\n\n<div class=\"et_pb_section_1 et_pb_section et_section_regular et_block_section vorstand\" id=\"vorstand\">\n<div class=\"et_pb_row_1 et_pb_row et_block_row\" id=\"vorstand\">\n<div class=\"et_pb_column_1 et_pb_column et_pb_column_4_4 et-last-child et_block_column et_pb_css_mix_blend_mode_passthrough\">\n<div class=\"et_pb_testimonial_1 et_pb_testimonial et_pb_bg_layout_light et_pb_module et_block_module\"><div class=\"et_pb_testimonial_inner\"><div class=\"et_pb_testimonial_portrait\" style=\"background-image:url(https:\/\/musikschule-goerlitz.de\/wp-content\/uploads\/2021\/06\/Fo\u0308rderverein-Vorstand.jpg)\"><\/div><div class=\"et_pb_testimonial_description\"><div class=\"et_pb_testimonial_description_inner\"><div class=\"et_pb_testimonial_content\"><p style=\"text-align: justify;\">Der \u201eMusikschulverein \u201eJohann Adam Hiller\u201c e. V.\u201c verwirklicht in seinem Satzungszweck insbesondere die Koordinierung, Organisation und Tr\u00e4gerschaft der Musikschule \u201eJohann Adam Hiller\u201c in G\u00f6rlitz sowie die Wahrung, Pflege und F\u00f6rderung der musischen und musikalischen Bildung und Erziehung, die Begabtenf\u00f6rderung und die Aufrechterhaltung der Ensemble- und Wettbewerbst\u00e4tigkeit.<\/p>\n<p style=\"text-align: justify;\">Der Verein verfolgt ausschlie\u00dflich und unmittelbar gemeinn\u00fctzige Zwecke im Sinne des Abschnitts \u201eSteuerbeg\u00fcnstigte Zwecke\u201c der Abgabenordnung.<\/p>\n<\/div><\/div><div class=\"et_pb_testimonial_author\">der Vorstand des \u201eMusikschulverein \u201eJohann Adam Hiller\u201c e. V.\u201c<\/div><div class=\"et_pb_testimonial_meta\"><span class=\"et_pb_testimonial_position\">Dem Vorstand des Vereines geh\u00f6ren an: Ulrich Erdmann (Vorsitzender), Bianka Senger (stellvertretende Vorsitzende), Maik Gloge (Schatzmeister), B\u00fcrgermeister Benedikt M. Hummel (Vertreter der Stadt G\u00f6rlitz), Heinz Koch   <\/span><\/div><\/div><\/div><\/div>\n<\/div>\n<\/div>\n<\/div>\n\n<div class=\"et_pb_section_2 et_pb_section et_section_regular et_block_section\" id=\"freunde\">\n<div class=\"et_pb_row_2 et_pb_row et_block_row\">\n<div class=\"et_pb_column_2 et_pb_column et_pb_column_4_4 et-last-child et_block_column et_pb_css_mix_blend_mode_passthrough\">\n<div class=\"et_pb_testimonial_2 et_pb_testimonial et_pb_bg_layout_light et_pb_module et_block_module\"><div class=\"et_pb_testimonial_inner\"><div class=\"et_pb_testimonial_portrait\" style=\"background-image:url(https:\/\/musikschule-goerlitz.de\/wp-content\/uploads\/2021\/05\/Musikschule-2019-1.jpg)\"><\/div><div class=\"et_pb_testimonial_description\"><div class=\"et_pb_testimonial_description_inner\"><div class=\"et_pb_testimonial_content\"><p><strong>Musik macht Spa\u00df, \u2026F\u00f6rdern auch!<\/strong><\/p>\n<p><strong>DER FREUNDESKREIS<\/strong><\/p>\n<p>Unser Freundeskreis der Musikschule \u201eJohann Adam Hiller\u201c G\u00f6rlitz e.V. ist ein gemeinn\u00fctziger Verein, der sich ebenso wie die Schule der Jahrhunderte alten Tradition der Musik verpflichtet f\u00fchlt.<\/p>\n<p>Wir unterst\u00fctzen die Musikschule als ein wichtiges k\u00fcnstlerisch-musikalisches Begegnungszentrum. Kinder und Jugendliche, die sich aktiv mit Musik auseinandersetzen, ein Instrument erlernen oder singen, finden eine sinnvolle, die Individualit\u00e4t pr\u00e4gende Best\u00e4tigung, die auch inneren Halt bietet.<\/p>\n<p>Durch pers\u00f6nlichen Einsatz und finanzielle Hilfe wollen wir musische Neigungen bestm\u00f6glichst unterst\u00fctzen.<\/p>\n<p>Unser Freundeskreis besteht seit \u00fcber 20 Jahren und hat in dieser Zeit eine Reihe von Konzerten veranstaltet, Sponsoren geworben, Begabte finanziell gef\u00f6rdert und in vielen anderen Bereichen die Musikschule unterst\u00fctzt und begleitet. Ehemalige Musiksch\u00fcler, Eltern und Lehrer haben hier die M\u00f6glichkeit, diese wichtig kulturelle Einrichtung in der Stadt G\u00f6rlitz mitzugestalten.<\/p>\n<p><strong>Unsere Anliegen sind vor allem:<\/strong><\/p>\n<p>Begabtenf\u00f6rderung<br \/>Veranstaltung von Konzerten<br \/>Kontakt zu ehemaligen Sch\u00fclern<br \/>Ideelle und materielle Unterst\u00fctzung der Musikschule G\u00f6rlitz<\/p>\n<p>Helfen Sie F\u00f6rdern, werden Sie Mitglied!<\/p>\n<\/div><\/div><div class=\"et_pb_testimonial_author\">Freundeskreis der Musikschule \u201eJohann Adam Hiller\u201c G\u00f6rlitz e.V.<\/div><div class=\"et_pb_testimonial_meta\"><\/div><\/div><\/div><\/div>\n\n<div class=\"et_pb_toggle_0 et_pb_toggle et_pb_toggle_item et_pb_toggle_close et_pb_module et_block_module\"><span class=\"et_pb_background_mask\"><\/span><h3 class=\"et_pb_toggle_title\">jetzt Unterst\u00fctzer\/in werden<\/h3><div class=\"et_pb_toggle_content clearfix\"><p>Der j\u00e4hrliche Mitgliedsbeitrag f\u00fcr den Freundeskreis betr\u00e4gt 25,00 Euro.<\/p>\n<p>Nat\u00fcrlich freuen wir uns auch \u00fcber einmalige Spenden.<\/p>\n<p>Sowohl Ihren Mitgliedsbeitrag als auch Spenden an den Verein k\u00f6nnen Sie in voller H\u00f6he von der Steuer absetzen. Ab einem Betrag von 300,00 Euro erhalten Sie eine Spendenquittung. Darunter gen\u00fcgt es, wenn Sie Ihren Kontoauszug beim Finanzamt vorlegen.<\/p>\n<p><strong>Der Antrag auf F\u00f6rderung<\/strong><\/p>\n<p>Der Antrag auf F\u00f6rderung erfolgt schriftlich. Antragsformulare sind im Sekretariat der Musikschule erh\u00e4ltlich und werden zur Entscheidung an den Freundeskreis weitergeleitet. Der Freundeskreis beschlie\u00dft in seiner j\u00e4hrlichen Versammlung die H\u00f6he der F\u00f6rderung f\u00fcr ein Schuljahr und teilt dies den Antragstellern pers\u00f6nlich mit.<\/p>\n<p><strong>Kontakt \u00fcber:<\/strong><\/p>\n<p>Frank v. Woedtke<br \/>Zittauer Str. 179, 02827 G\u00f6rlitz<br \/>Tel. 0176 97666229<br \/>Mail: v.woedtke@mail-buero.de<\/p>\n<p>oder<\/p>\n<p>Musikschule G\u00f6rlitz e.V.<br \/>Fischmarkt 6, 02826 G\u00f6rlitz<br \/>Tel- 03581 \u2013 40 72 61<br \/>Mail: info@musikschule-goerlitz.de<br \/>www.musikschule-goerlitz.de<\/p>\n<p>\u00a0<\/p>\n<\/div><\/div>\n\n<div class=\"et_pb_blurb_0 et_pb_blurb et_pb_bg_layout_light et_pb_blurb_position_left et_pb_module et_block_module\"><div class=\"et_pb_blurb_content\"><div class=\"et_pb_main_blurb_image\"><span class=\"et_pb_image_wrap\"><span class=\"et-pb-icon et-waypoint et_pb_animation_top et_pb_animation_top_tablet et_pb_animation_top_phone\">\ue078<\/span><\/span><\/div><div class=\"et_pb_blurb_container\"><h4 class=\"et_pb_module_header\">Spendenkonto Freundeskreis:<\/h4><div class=\"et_pb_blurb_description\"><p>Volksbank Raiffeisenbank Niederschlesien eG<\/p>\n<p>IBAN DE90 8559 1000 4530 5766 00<\/p>\n<\/div><\/div><\/div><\/div>\n<\/div>\n<\/div>\n<\/div>","protected":false},"excerpt":{"rendered":"","protected":false},"author":2,"featured_media":0,"parent":0,"menu_order":0,"comment_status":"closed","ping_status":"closed","template":"","meta":{"_monsterinsights_skip_tracking":false,"_monsterinsights_sitenote_active":false,"_monsterinsights_sitenote_note":"","_monsterinsights_sitenote_category":0,"footnotes":""},"class_list":["post-7731","page","type-page","status-publish","hentry"],"_links":{"self":[{"href":"https:\/\/musikschule-goerlitz.de\/pl\/wp-json\/wp\/v2\/pages\/7731","targetHints":{"allow":["GET"]}}],"collection":[{"href":"https:\/\/musikschule-goerlitz.de\/pl\/wp-json\/wp\/v2\/pages"}],"about":[{"href":"https:\/\/musikschule-goerlitz.de\/pl\/wp-json\/wp\/v2\/types\/page"}],"author":[{"embeddable":true,"href":"https:\/\/musikschule-goerlitz.de\/pl\/wp-json\/wp\/v2\/users\/2"}],"replies":[{"embeddable":true,"href":"https:\/\/musikschule-goerlitz.de\/pl\/wp-json\/wp\/v2\/comments?post=7731"}],"version-history":[{"count":9,"href":"https:\/\/musikschule-goerlitz.de\/pl\/wp-json\/wp\/v2\/pages\/7731\/revisions"}],"predecessor-version":[{"id":9212,"href":"https:\/\/musikschule-goerlitz.de\/pl\/wp-json\/wp\/v2\/pages\/7731\/revisions\/9212"}],"wp:attachment":[{"href":"https:\/\/musikschule-goerlitz.de\/pl\/wp-json\/wp\/v2\/media?parent=7731"}],"curies":[{"name":"wp","href":"https:\/\/api.w.org\/{rel}","templated":true}]}}