{"id":454,"date":"2021-05-19T15:36:28","date_gmt":"2021-05-19T15:36:28","guid":{"rendered":"https:\/\/musikschule.alles-eitel.de\/?page_id=454"},"modified":"2021-06-07T19:27:05","modified_gmt":"2021-06-07T19:27:05","slug":"big-band","status":"publish","type":"page","link":"https:\/\/musikschule-goerlitz.de\/pl\/big-band\/","title":{"rendered":"Big-Band"},"content":{"rendered":"<div class=\"et_d4_element et_pb_section et_pb_section_0 et_pb_section_parallax et_pb_with_background  et_pb_css_mix_blend_mode et_pb_fullwidth_section et_section_regular et_block_section\" >\n\t\t\t\t\n\t\t\t\t<span class=\"et_parallax_bg_wrap et-pb-parallax-wrapper\"><span\n\t\t\t\t\t\tclass=\"et_parallax_bg et_pb_parallax_css et_parallax_bg--et_pb_section_0\"\n\t\t\t\t\t\tstyle=\"background-image: url(https:\/\/musikschule-goerlitz.de\/wp-content\/uploads\/2021\/06\/MG_7573-scaled.jpg);\"\n\t\t\t\t\t><\/span><\/span>\n\t\t\t\t\n\t\t\t\t\n\t\t\t\t\n\t\t\t\t\n\t\t\t\t<section class=\"et_pb_module et_d4_element et_pb_fullwidth_header et_pb_fullwidth_header_0  et_pb_css_mix_blend_mode et_pb_text_align_left et_pb_bg_layout_dark\">\n\t\t\t\t\n\t\t\t\t\n\t\t\t\t\n\t\t\t\t\n\t\t\t\t<div class=\"et_pb_fullwidth_header_container left\">\n\t\t\t\t\t<div class=\"header-content-container center\">\n\t\t\t\t\t<div class=\"header-content\">\n\t\t\t\t\t\t\n\t\t\t\t\t\t<h1 class=\"et_pb_module_header\">Die Big-Band<\/h1>\n\t\t\t\t\t\t<span class=\"et_pb_fullwidth_header_subhead\">der Musikschule \u201eJohann Adam Hiller\u201d <\/span>\n\t\t\t\t\t\t<div class=\"et_pb_header_content_wrapper\"><p><span style=\"font-weight: 400;\">F\u00fcr kreative Menschen mit Interesse an flotter Musik (Jazz, Rock, Pop) - farbig und unverwechselbar<\/span><\/p>\n<p><span style=\"font-weight: 400;\">Nach Aufl\u00f6sung der Tower Big Band im Oktober 2000, gr\u00fcndeten die Kollegen Fritz Golm und Christian Voigt sofort eine neue Big Band, welche aus Sch\u00fclern der Musikschulen \u201eJ.A. Hiller\u201d e.V. und des Niederschlesischen Oberlausitzkreises besteht und bis heute ihren Fortbestand erhalten konnte.<\/span><\/p>\n<p><span style=\"font-weight: 400;\">Der erste Auftritt dieser neuen Band fand unter Leitung von Fritz Golm zum 50-j\u00e4hrigen Jubil\u00e4um der Musikschule G\u00f6rlitz im Oktober 2001 in der Landskronbrauerei statt. Danach \u00fcbergab Herr Golm die Leitung an den Klarinetten- und Saxophonlehrer der Musikschule in G\u00f6rlitz, Kollegen Christian Voigt.<\/span><\/p>\n<p><span style=\"font-weight: 400;\">Die Band z\u00e4hlt zur Zeit 18 Mitglieder. Trotzdem fehlt es immer wieder an Trompetern und Posaunisten.<\/span><\/p>\n<p><span style=\"font-weight: 400;\">Wir spielen in einem Schuljahr bei ca. 8 Veranstaltungen, u.a. Abi-B\u00e4llen, Musikschultagen, Podien, Feiern und anderen \u00f6ffentlichen Anl\u00e4ssen. <\/span><\/p>\n<p><span style=\"font-weight: 400;\">Letzter gro\u00dfer H\u00f6hepunkt war das Jubil\u00e4ums- podium der \u201eJazz-Rock-Pop\u201d-Abteilung im Theater G\u00f6rlitz und im Dom Kultury in Zgorzelec. <\/span><\/p>\n<p><b>Unsere Proben finden in der Schulzeit immer Donnerstag von 18:15 bis 19:45 Uhr im Saal der Musikschule statt<\/b><span style=\"font-weight: 400;\">. Herr Hendrik Borsitz unterst\u00fctzt die Probenarbeit in der Rhythmusgruppe der Band.<\/span><\/p>\n<p><span style=\"font-weight: 400;\">\u00a0<\/span><\/p>\n<p>&nbsp;<\/p><\/div>\n\t\t\t\t\t\t\n\t\t\t\t\t<\/div>\n\t\t\t\t<\/div>\n\t\t\t\t\t\n\t\t\t\t<\/div>\n\t\t\t\t<div class=\"et_pb_fullwidth_header_overlay\"><\/div>\n\t\t\t\t<div class=\"et_pb_fullwidth_header_scroll\"><a href=\"#\" class=\"scroll-down-container\">\n\t\t\t\t\t<span class=\"scroll-down et-pb-icon\">;<\/span>\n\t\t\t\t\t\n\t\t\t\t\t\n\t\t\t\t<\/a><\/div>\n\t\t\t<\/section>\n\t\t\t\t\n\t\t\t\t\n\t\t\t<\/div>","protected":false},"excerpt":{"rendered":"","protected":false},"author":2,"featured_media":0,"parent":0,"menu_order":0,"comment_status":"closed","ping_status":"closed","template":"","meta":{"_monsterinsights_skip_tracking":false,"_monsterinsights_sitenote_active":false,"_monsterinsights_sitenote_note":"","_monsterinsights_sitenote_category":0,"_et_pb_use_builder":"on","_et_pb_old_content":"","_et_gb_content_width":"","footnotes":""},"class_list":["post-454","page","type-page","status-publish","hentry"],"_links":{"self":[{"href":"https:\/\/musikschule-goerlitz.de\/pl\/wp-json\/wp\/v2\/pages\/454","targetHints":{"allow":["GET"]}}],"collection":[{"href":"https:\/\/musikschule-goerlitz.de\/pl\/wp-json\/wp\/v2\/pages"}],"about":[{"href":"https:\/\/musikschule-goerlitz.de\/pl\/wp-json\/wp\/v2\/types\/page"}],"author":[{"embeddable":true,"href":"https:\/\/musikschule-goerlitz.de\/pl\/wp-json\/wp\/v2\/users\/2"}],"replies":[{"embeddable":true,"href":"https:\/\/musikschule-goerlitz.de\/pl\/wp-json\/wp\/v2\/comments?post=454"}],"version-history":[{"count":5,"href":"https:\/\/musikschule-goerlitz.de\/pl\/wp-json\/wp\/v2\/pages\/454\/revisions"}],"predecessor-version":[{"id":843,"href":"https:\/\/musikschule-goerlitz.de\/pl\/wp-json\/wp\/v2\/pages\/454\/revisions\/843"}],"wp:attachment":[{"href":"https:\/\/musikschule-goerlitz.de\/pl\/wp-json\/wp\/v2\/media?parent=454"}],"curies":[{"name":"wp","href":"https:\/\/api.w.org\/{rel}","templated":true}]}}